{"id":19376,"date":"2022-10-05T16:26:20","date_gmt":"2022-10-05T19:26:20","guid":{"rendered":"https:\/\/dermovein.cl\/?post_type=product&#038;p=19376"},"modified":"2024-06-12T09:49:15","modified_gmt":"2024-06-12T13:49:15","slug":"tratamiento-radiofrecuencia","status":"publish","type":"product","link":"https:\/\/dermovein.cl\/index.php\/producto\/tratamiento-radiofrecuencia\/","title":{"rendered":"Tratamiento radiofrecuencia"},"content":{"rendered":"<div id=\"tab-description\" class=\"woocommerce-Tabs-panel woocommerce-Tabs-panel--description panel entry-content wc-tab\" role=\"tabpanel\" aria-labelledby=\"tab-title-description\">\n<p>Este procedimiento se realiza por medio de un cat\u00e9ter de Radiofrecuencia introducido dentro de la vena enferma. La aplicaci\u00f3n de energ\u00eda permite aumentar la temperatura dentro de la vena, que logra en el tiempo una oclusi\u00f3n del vaso sangu\u00edneo disfuncionante, mejorando as\u00ed la circulaci\u00f3n venosa.<\/p>\n<hr \/>\n<div id=\"divtags\">\n<h1>Quitar venitas piernas precio<\/h1>\n<h1>Tratamiento de varices<\/h1>\n<h1>Tratamiento de varices en las piernas<\/h1>\n<h1>Tratamiento de venas varicosas<\/h1>\n<h1>Tratamiento para las varices<\/h1>\n<h1>Tratamiento Radiofrecuencia<\/h1>\n<h1>Cl\u00ednica varices<\/h1>\n<h1>Especialista de varices<\/h1>\n<h1>Especialista de venas varicosas<\/h1>\n<h1>Especialista en varices<\/h1>\n<h1>Especialista en varices en las piernas<\/h1>\n<h1>Especialista en venas varicosas<\/h1>\n<h1>Especialista para varices<\/h1>\n<h1>Medicina para las varices en las piernas<\/h1>\n<\/div>\n<\/div>\n","protected":false},"excerpt":{"rendered":"<p>Este procedimiento se realiza por medio de un cat\u00e9ter de Radiofrecuencia introducido dentro de la vena enferma. La aplicaci\u00f3n de energ\u00eda permite aumentar la temperatura dentro de la vena, que logra en el tiempo una oclusi\u00f3n del vaso sangu\u00edneo disfuncionante, mejorando as\u00ed la circulaci\u00f3n venosa. Quitar venitas piernas precio Tratamiento de varices Tratamiento de varices&#8230;<\/p>\n","protected":false},"featured_media":19377,"template":"","meta":{"_acf_changed":false},"product_brand":[],"product_cat":[1669],"product_tag":[],"class_list":{"0":"post-19376","1":"product","2":"type-product","3":"status-publish","4":"has-post-thumbnail","6":"product_cat-tratamiento-para-varices","8":"first","9":"instock","10":"shipping-taxable","11":"product-type-simple"},"acf":[],"yoast_head":"<!-- This site is optimized with the Yoast SEO plugin v26.4 - https:\/\/yoast.com\/wordpress\/plugins\/seo\/ -->\n<title>Tratamiento radiofrecuencia - Cl\u00ednica especializada en eliminaci\u00f3n de varices<\/title>\n<meta name=\"description\" content=\"Conoce los tratamientos de micro incisiones, se realizan procedimientos ambulatorios que generalmente no requieren anestesia general para la eliminaci\u00f3n de las venas afectadas.\" \/>\n<meta name=\"robots\" content=\"index, follow, max-snippet:-1, max-image-preview:large, max-video-preview:-1\" \/>\n<link rel=\"canonical\" href=\"https:\/\/dermovein.cl\/index.php\/producto\/tratamiento-radiofrecuencia\/\" \/>\n<meta property=\"og:locale\" content=\"es_ES\" \/>\n<meta property=\"og:type\" content=\"article\" \/>\n<meta property=\"og:title\" content=\"Tratamiento radiofrecuencia - Cl\u00ednica especializada en eliminaci\u00f3n de varices\" \/>\n<meta property=\"og:description\" content=\"Conoce los tratamientos de micro incisiones, se realizan procedimientos ambulatorios que generalmente no requieren anestesia general para la eliminaci\u00f3n de las venas afectadas.\" \/>\n<meta property=\"og:url\" content=\"https:\/\/dermovein.cl\/index.php\/producto\/tratamiento-radiofrecuencia\/\" \/>\n<meta property=\"og:site_name\" content=\"Cl\u00ednica especializada en eliminaci\u00f3n de varices\" \/>\n<meta property=\"article:publisher\" content=\"https:\/\/www.facebook.com\/dermovein\/\" \/>\n<meta property=\"article:modified_time\" content=\"2024-06-12T13:49:15+00:00\" \/>\n<meta property=\"og:image\" content=\"https:\/\/dermovein.cl\/wp-content\/uploads\/2023\/10\/radiofrecuencia.png\" \/>\n\t<meta property=\"og:image:width\" content=\"766\" \/>\n\t<meta property=\"og:image:height\" content=\"440\" \/>\n\t<meta property=\"og:image:type\" content=\"image\/png\" \/>\n<meta name=\"twitter:card\" content=\"summary_large_image\" \/>\n<meta name=\"twitter:label1\" content=\"Tiempo de lectura\" \/>\n\t<meta name=\"twitter:data1\" content=\"1 minuto\" \/>\n<script type=\"application\/ld+json\" class=\"yoast-schema-graph\">{\"@context\":\"https:\/\/schema.org\",\"@graph\":[{\"@type\":\"WebPage\",\"@id\":\"https:\/\/dermovein.cl\/index.php\/producto\/tratamiento-radiofrecuencia\/\",\"url\":\"https:\/\/dermovein.cl\/index.php\/producto\/tratamiento-radiofrecuencia\/\",\"name\":\"Tratamiento radiofrecuencia - Cl\u00ednica especializada en eliminaci\u00f3n de varices\",\"isPartOf\":{\"@id\":\"https:\/\/dermovein.cl\/#website\"},\"primaryImageOfPage\":{\"@id\":\"https:\/\/dermovein.cl\/index.php\/producto\/tratamiento-radiofrecuencia\/#primaryimage\"},\"image\":{\"@id\":\"https:\/\/dermovein.cl\/index.php\/producto\/tratamiento-radiofrecuencia\/#primaryimage\"},\"thumbnailUrl\":\"https:\/\/dermovein.cl\/wp-content\/uploads\/2023\/10\/radiofrecuencia.png\",\"datePublished\":\"2022-10-05T19:26:20+00:00\",\"dateModified\":\"2024-06-12T13:49:15+00:00\",\"description\":\"Conoce los tratamientos de micro incisiones, se realizan procedimientos ambulatorios que generalmente no requieren anestesia general para la eliminaci\u00f3n de las venas afectadas.\",\"breadcrumb\":{\"@id\":\"https:\/\/dermovein.cl\/index.php\/producto\/tratamiento-radiofrecuencia\/#breadcrumb\"},\"inLanguage\":\"es\",\"potentialAction\":[{\"@type\":\"ReadAction\",\"target\":[\"https:\/\/dermovein.cl\/index.php\/producto\/tratamiento-radiofrecuencia\/\"]}]},{\"@type\":\"ImageObject\",\"inLanguage\":\"es\",\"@id\":\"https:\/\/dermovein.cl\/index.php\/producto\/tratamiento-radiofrecuencia\/#primaryimage\",\"url\":\"https:\/\/dermovein.cl\/wp-content\/uploads\/2023\/10\/radiofrecuencia.png\",\"contentUrl\":\"https:\/\/dermovein.cl\/wp-content\/uploads\/2023\/10\/radiofrecuencia.png\",\"width\":766,\"height\":440},{\"@type\":\"BreadcrumbList\",\"@id\":\"https:\/\/dermovein.cl\/index.php\/producto\/tratamiento-radiofrecuencia\/#breadcrumb\",\"itemListElement\":[{\"@type\":\"ListItem\",\"position\":1,\"name\":\"Portada\",\"item\":\"https:\/\/dermovein.cl\/\"},{\"@type\":\"ListItem\",\"position\":2,\"name\":\"Tienda\",\"item\":\"https:\/\/dermovein.cl\/index.php\/tienda\/\"},{\"@type\":\"ListItem\",\"position\":3,\"name\":\"Tratamiento radiofrecuencia\"}]},{\"@type\":\"WebSite\",\"@id\":\"https:\/\/dermovein.cl\/#website\",\"url\":\"https:\/\/dermovein.cl\/\",\"name\":\"Dermovein\",\"description\":\"Elimina las varices y ara\u00f1as vasculares con nuestros tratamientos especializados en Dermovein. Resultados efectivos y seguros para unas piernas saludables y hermosas.\",\"publisher\":{\"@id\":\"https:\/\/dermovein.cl\/#organization\"},\"potentialAction\":[{\"@type\":\"SearchAction\",\"target\":{\"@type\":\"EntryPoint\",\"urlTemplate\":\"https:\/\/dermovein.cl\/?s={search_term_string}\"},\"query-input\":{\"@type\":\"PropertyValueSpecification\",\"valueRequired\":true,\"valueName\":\"search_term_string\"}}],\"inLanguage\":\"es\"},{\"@type\":\"Organization\",\"@id\":\"https:\/\/dermovein.cl\/#organization\",\"name\":\"Dermovein\",\"url\":\"https:\/\/dermovein.cl\/\",\"logo\":{\"@type\":\"ImageObject\",\"inLanguage\":\"es\",\"@id\":\"https:\/\/dermovein.cl\/#\/schema\/logo\/image\/\",\"url\":\"https:\/\/dermovein.cl\/wp-content\/uploads\/2017\/07\/Logo-Dermovein.png\",\"contentUrl\":\"https:\/\/dermovein.cl\/wp-content\/uploads\/2017\/07\/Logo-Dermovein.png\",\"width\":526,\"height\":338,\"caption\":\"Dermovein\"},\"image\":{\"@id\":\"https:\/\/dermovein.cl\/#\/schema\/logo\/image\/\"},\"sameAs\":[\"https:\/\/www.facebook.com\/dermovein\/\",\"https:\/\/www.instagram.com\/clinica.dermovein\/?hl=es-la\"]}]}<\/script>\n<!-- \/ Yoast SEO plugin. -->","yoast_head_json":{"title":"Tratamiento radiofrecuencia - Cl\u00ednica especializada en eliminaci\u00f3n de varices","description":"Conoce los tratamientos de micro incisiones, se realizan procedimientos ambulatorios que generalmente no requieren anestesia general para la eliminaci\u00f3n de las venas afectadas.","robots":{"index":"index","follow":"follow","max-snippet":"max-snippet:-1","max-image-preview":"max-image-preview:large","max-video-preview":"max-video-preview:-1"},"canonical":"https:\/\/dermovein.cl\/index.php\/producto\/tratamiento-radiofrecuencia\/","og_locale":"es_ES","og_type":"article","og_title":"Tratamiento radiofrecuencia - Cl\u00ednica especializada en eliminaci\u00f3n de varices","og_description":"Conoce los tratamientos de micro incisiones, se realizan procedimientos ambulatorios que generalmente no requieren anestesia general para la eliminaci\u00f3n de las venas afectadas.","og_url":"https:\/\/dermovein.cl\/index.php\/producto\/tratamiento-radiofrecuencia\/","og_site_name":"Cl\u00ednica especializada en eliminaci\u00f3n de varices","article_publisher":"https:\/\/www.facebook.com\/dermovein\/","article_modified_time":"2024-06-12T13:49:15+00:00","og_image":[{"width":766,"height":440,"url":"https:\/\/dermovein.cl\/wp-content\/uploads\/2023\/10\/radiofrecuencia.png","type":"image\/png"}],"twitter_card":"summary_large_image","twitter_misc":{"Tiempo de lectura":"1 minuto"},"schema":{"@context":"https:\/\/schema.org","@graph":[{"@type":"WebPage","@id":"https:\/\/dermovein.cl\/index.php\/producto\/tratamiento-radiofrecuencia\/","url":"https:\/\/dermovein.cl\/index.php\/producto\/tratamiento-radiofrecuencia\/","name":"Tratamiento radiofrecuencia - Cl\u00ednica especializada en eliminaci\u00f3n de varices","isPartOf":{"@id":"https:\/\/dermovein.cl\/#website"},"primaryImageOfPage":{"@id":"https:\/\/dermovein.cl\/index.php\/producto\/tratamiento-radiofrecuencia\/#primaryimage"},"image":{"@id":"https:\/\/dermovein.cl\/index.php\/producto\/tratamiento-radiofrecuencia\/#primaryimage"},"thumbnailUrl":"https:\/\/dermovein.cl\/wp-content\/uploads\/2023\/10\/radiofrecuencia.png","datePublished":"2022-10-05T19:26:20+00:00","dateModified":"2024-06-12T13:49:15+00:00","description":"Conoce los tratamientos de micro incisiones, se realizan procedimientos ambulatorios que generalmente no requieren anestesia general para la eliminaci\u00f3n de las venas afectadas.","breadcrumb":{"@id":"https:\/\/dermovein.cl\/index.php\/producto\/tratamiento-radiofrecuencia\/#breadcrumb"},"inLanguage":"es","potentialAction":[{"@type":"ReadAction","target":["https:\/\/dermovein.cl\/index.php\/producto\/tratamiento-radiofrecuencia\/"]}]},{"@type":"ImageObject","inLanguage":"es","@id":"https:\/\/dermovein.cl\/index.php\/producto\/tratamiento-radiofrecuencia\/#primaryimage","url":"https:\/\/dermovein.cl\/wp-content\/uploads\/2023\/10\/radiofrecuencia.png","contentUrl":"https:\/\/dermovein.cl\/wp-content\/uploads\/2023\/10\/radiofrecuencia.png","width":766,"height":440},{"@type":"BreadcrumbList","@id":"https:\/\/dermovein.cl\/index.php\/producto\/tratamiento-radiofrecuencia\/#breadcrumb","itemListElement":[{"@type":"ListItem","position":1,"name":"Portada","item":"https:\/\/dermovein.cl\/"},{"@type":"ListItem","position":2,"name":"Tienda","item":"https:\/\/dermovein.cl\/index.php\/tienda\/"},{"@type":"ListItem","position":3,"name":"Tratamiento radiofrecuencia"}]},{"@type":"WebSite","@id":"https:\/\/dermovein.cl\/#website","url":"https:\/\/dermovein.cl\/","name":"Dermovein","description":"Elimina las varices y ara\u00f1as vasculares con nuestros tratamientos especializados en Dermovein. Resultados efectivos y seguros para unas piernas saludables y hermosas.","publisher":{"@id":"https:\/\/dermovein.cl\/#organization"},"potentialAction":[{"@type":"SearchAction","target":{"@type":"EntryPoint","urlTemplate":"https:\/\/dermovein.cl\/?s={search_term_string}"},"query-input":{"@type":"PropertyValueSpecification","valueRequired":true,"valueName":"search_term_string"}}],"inLanguage":"es"},{"@type":"Organization","@id":"https:\/\/dermovein.cl\/#organization","name":"Dermovein","url":"https:\/\/dermovein.cl\/","logo":{"@type":"ImageObject","inLanguage":"es","@id":"https:\/\/dermovein.cl\/#\/schema\/logo\/image\/","url":"https:\/\/dermovein.cl\/wp-content\/uploads\/2017\/07\/Logo-Dermovein.png","contentUrl":"https:\/\/dermovein.cl\/wp-content\/uploads\/2017\/07\/Logo-Dermovein.png","width":526,"height":338,"caption":"Dermovein"},"image":{"@id":"https:\/\/dermovein.cl\/#\/schema\/logo\/image\/"},"sameAs":["https:\/\/www.facebook.com\/dermovein\/","https:\/\/www.instagram.com\/clinica.dermovein\/?hl=es-la"]}]}},"_links":{"self":[{"href":"https:\/\/dermovein.cl\/index.php\/wp-json\/wp\/v2\/product\/19376","targetHints":{"allow":["GET"]}}],"collection":[{"href":"https:\/\/dermovein.cl\/index.php\/wp-json\/wp\/v2\/product"}],"about":[{"href":"https:\/\/dermovein.cl\/index.php\/wp-json\/wp\/v2\/types\/product"}],"wp:featuredmedia":[{"embeddable":true,"href":"https:\/\/dermovein.cl\/index.php\/wp-json\/wp\/v2\/media\/19377"}],"wp:attachment":[{"href":"https:\/\/dermovein.cl\/index.php\/wp-json\/wp\/v2\/media?parent=19376"}],"wp:term":[{"taxonomy":"product_brand","embeddable":true,"href":"https:\/\/dermovein.cl\/index.php\/wp-json\/wp\/v2\/product_brand?post=19376"},{"taxonomy":"product_cat","embeddable":true,"href":"https:\/\/dermovein.cl\/index.php\/wp-json\/wp\/v2\/product_cat?post=19376"},{"taxonomy":"product_tag","embeddable":true,"href":"https:\/\/dermovein.cl\/index.php\/wp-json\/wp\/v2\/product_tag?post=19376"}],"curies":[{"name":"wp","href":"https:\/\/api.w.org\/{rel}","templated":true}]}}