{"id":19372,"date":"2022-10-05T16:21:11","date_gmt":"2022-10-05T19:21:11","guid":{"rendered":"https:\/\/dermovein.cl\/?post_type=product&#038;p=19372"},"modified":"2024-06-12T09:44:48","modified_gmt":"2024-06-12T13:44:48","slug":"tratamiento-laser-transdermico-para-varices","status":"publish","type":"product","link":"https:\/\/dermovein.cl\/index.php\/producto\/tratamiento-laser-transdermico-para-varices\/","title":{"rendered":"Tratamiento l\u00e1ser transd\u00e9rmico para v\u00e1rices"},"content":{"rendered":"<div id=\"tab-description\" class=\"woocommerce-Tabs-panel woocommerce-Tabs-panel--description panel entry-content wc-tab\" role=\"tabpanel\" aria-labelledby=\"tab-title-description\">\n<p>En Dermovein ofrecemos tratamientos con tecnolog\u00eda de vanguardia y de la mano de un personal altamente capacitado para abordar y tratar en forma conjunta las ara\u00f1itas y venas azules que tanto afectan a nuestros pacientes.<\/p>\n<p>Este l\u00e1ser transd\u00e9rmico es una nueva alternativa que unifica y obtiene los resultados que se lograr\u00edan entre el quir\u00f3fano y el tratamiento esclerosante, todo en un solo procedimiento y en menos sesiones.<\/p>\n<p>Es altamente efectivo para tratar grandes ovillos de telangiectasias en donde otras t\u00e9cnicas suelen ser menos \u00fatiles. En el caso de los pacientes con v\u00e1rices muy diseminadas el n\u00famero de sesiones se podr\u00eda incrementarse, seg\u00fan lo requiera.<\/p>\n<hr \/>\n<div id=\"divtags\">\n<h1>Tratamiento L\u00e1ser Transd\u00e9rmico Para V\u00e1rices<\/h1>\n<h1>Tratamiento l\u00e1ser para varices<\/h1>\n<h1>Laser ara\u00f1as vasculares<\/h1>\n<h1>Laser para ara\u00f1as vasculares<\/h1>\n<h1>Laser para varices<\/h1>\n<h1>Laser para venas varicosas<\/h1>\n<h1>Laser varices<\/h1>\n<h1>Laser venas piernas<\/h1>\n<h1>Quitar varices<\/h1>\n<h1>Quitar varices con laser<\/h1>\n<h1>Quitar varices piernas<\/h1>\n<h1>Tratamiento de varices con laser<\/h1>\n<h1>Tratamiento de venas varicosas con l\u00e1ser<\/h1>\n<h1>Tratamiento l\u00e1ser para varices y ara\u00f1itas precios<\/h1>\n<\/div>\n<\/div>\n","protected":false},"excerpt":{"rendered":"<p>En Dermovein ofrecemos tratamientos con tecnolog\u00eda de vanguardia y de la mano de un personal altamente capacitado para abordar y tratar en forma conjunta las ara\u00f1itas y venas azules que tanto afectan a nuestros pacientes. Este l\u00e1ser transd\u00e9rmico es una nueva alternativa que unifica y obtiene los resultados que se lograr\u00edan entre el quir\u00f3fano y&#8230;<\/p>\n","protected":false},"featured_media":19373,"template":"","meta":{"_acf_changed":false},"product_brand":[],"product_cat":[1669],"product_tag":[],"class_list":{"0":"post-19372","1":"product","2":"type-product","3":"status-publish","4":"has-post-thumbnail","6":"product_cat-tratamiento-para-varices","8":"first","9":"instock","10":"shipping-taxable","11":"product-type-simple"},"acf":[],"yoast_head":"<!-- This site is optimized with the Yoast SEO plugin v26.4 - https:\/\/yoast.com\/wordpress\/plugins\/seo\/ -->\n<title>Tratamiento l\u00e1ser transd\u00e9rmico para v\u00e1rices - Cl\u00ednica especializada en eliminaci\u00f3n de varices<\/title>\n<meta name=\"robots\" content=\"index, follow, max-snippet:-1, max-image-preview:large, max-video-preview:-1\" \/>\n<link rel=\"canonical\" href=\"https:\/\/dermovein.cl\/index.php\/producto\/tratamiento-laser-transdermico-para-varices\/\" \/>\n<meta property=\"og:locale\" content=\"es_ES\" \/>\n<meta property=\"og:type\" content=\"article\" \/>\n<meta property=\"og:title\" content=\"Tratamiento l\u00e1ser transd\u00e9rmico para v\u00e1rices - Cl\u00ednica especializada en eliminaci\u00f3n de varices\" \/>\n<meta property=\"og:description\" content=\"En Dermovein ofrecemos tratamientos con tecnolog\u00eda de vanguardia y de la mano de un personal altamente capacitado para abordar y tratar en forma conjunta las ara\u00f1itas y venas azules que tanto afectan a nuestros pacientes. Este l\u00e1ser transd\u00e9rmico es una nueva alternativa que unifica y obtiene los resultados que se lograr\u00edan entre el quir\u00f3fano y...\" \/>\n<meta property=\"og:url\" content=\"https:\/\/dermovein.cl\/index.php\/producto\/tratamiento-laser-transdermico-para-varices\/\" \/>\n<meta property=\"og:site_name\" content=\"Cl\u00ednica especializada en eliminaci\u00f3n de varices\" \/>\n<meta property=\"article:publisher\" content=\"https:\/\/www.facebook.com\/dermovein\/\" \/>\n<meta property=\"article:modified_time\" content=\"2024-06-12T13:44:48+00:00\" \/>\n<meta property=\"og:image\" content=\"https:\/\/dermovein.cl\/wp-content\/uploads\/2023\/10\/varices.jpg\" \/>\n\t<meta property=\"og:image:width\" content=\"600\" \/>\n\t<meta property=\"og:image:height\" content=\"450\" \/>\n\t<meta property=\"og:image:type\" content=\"image\/jpeg\" \/>\n<meta name=\"twitter:card\" content=\"summary_large_image\" \/>\n<meta name=\"twitter:label1\" content=\"Tiempo de lectura\" \/>\n\t<meta name=\"twitter:data1\" content=\"1 minuto\" \/>\n<script type=\"application\/ld+json\" class=\"yoast-schema-graph\">{\"@context\":\"https:\/\/schema.org\",\"@graph\":[{\"@type\":\"WebPage\",\"@id\":\"https:\/\/dermovein.cl\/index.php\/producto\/tratamiento-laser-transdermico-para-varices\/\",\"url\":\"https:\/\/dermovein.cl\/index.php\/producto\/tratamiento-laser-transdermico-para-varices\/\",\"name\":\"Tratamiento l\u00e1ser transd\u00e9rmico para v\u00e1rices - Cl\u00ednica especializada en eliminaci\u00f3n de varices\",\"isPartOf\":{\"@id\":\"https:\/\/dermovein.cl\/#website\"},\"primaryImageOfPage\":{\"@id\":\"https:\/\/dermovein.cl\/index.php\/producto\/tratamiento-laser-transdermico-para-varices\/#primaryimage\"},\"image\":{\"@id\":\"https:\/\/dermovein.cl\/index.php\/producto\/tratamiento-laser-transdermico-para-varices\/#primaryimage\"},\"thumbnailUrl\":\"https:\/\/dermovein.cl\/wp-content\/uploads\/2023\/10\/varices.jpg\",\"datePublished\":\"2022-10-05T19:21:11+00:00\",\"dateModified\":\"2024-06-12T13:44:48+00:00\",\"breadcrumb\":{\"@id\":\"https:\/\/dermovein.cl\/index.php\/producto\/tratamiento-laser-transdermico-para-varices\/#breadcrumb\"},\"inLanguage\":\"es\",\"potentialAction\":[{\"@type\":\"ReadAction\",\"target\":[\"https:\/\/dermovein.cl\/index.php\/producto\/tratamiento-laser-transdermico-para-varices\/\"]}]},{\"@type\":\"ImageObject\",\"inLanguage\":\"es\",\"@id\":\"https:\/\/dermovein.cl\/index.php\/producto\/tratamiento-laser-transdermico-para-varices\/#primaryimage\",\"url\":\"https:\/\/dermovein.cl\/wp-content\/uploads\/2023\/10\/varices.jpg\",\"contentUrl\":\"https:\/\/dermovein.cl\/wp-content\/uploads\/2023\/10\/varices.jpg\",\"width\":600,\"height\":450},{\"@type\":\"BreadcrumbList\",\"@id\":\"https:\/\/dermovein.cl\/index.php\/producto\/tratamiento-laser-transdermico-para-varices\/#breadcrumb\",\"itemListElement\":[{\"@type\":\"ListItem\",\"position\":1,\"name\":\"Portada\",\"item\":\"https:\/\/dermovein.cl\/\"},{\"@type\":\"ListItem\",\"position\":2,\"name\":\"Tienda\",\"item\":\"https:\/\/dermovein.cl\/index.php\/tienda\/\"},{\"@type\":\"ListItem\",\"position\":3,\"name\":\"Tratamiento l\u00e1ser transd\u00e9rmico para v\u00e1rices\"}]},{\"@type\":\"WebSite\",\"@id\":\"https:\/\/dermovein.cl\/#website\",\"url\":\"https:\/\/dermovein.cl\/\",\"name\":\"Dermovein\",\"description\":\"Elimina las varices y ara\u00f1as vasculares con nuestros tratamientos especializados en Dermovein. Resultados efectivos y seguros para unas piernas saludables y hermosas.\",\"publisher\":{\"@id\":\"https:\/\/dermovein.cl\/#organization\"},\"potentialAction\":[{\"@type\":\"SearchAction\",\"target\":{\"@type\":\"EntryPoint\",\"urlTemplate\":\"https:\/\/dermovein.cl\/?s={search_term_string}\"},\"query-input\":{\"@type\":\"PropertyValueSpecification\",\"valueRequired\":true,\"valueName\":\"search_term_string\"}}],\"inLanguage\":\"es\"},{\"@type\":\"Organization\",\"@id\":\"https:\/\/dermovein.cl\/#organization\",\"name\":\"Dermovein\",\"url\":\"https:\/\/dermovein.cl\/\",\"logo\":{\"@type\":\"ImageObject\",\"inLanguage\":\"es\",\"@id\":\"https:\/\/dermovein.cl\/#\/schema\/logo\/image\/\",\"url\":\"https:\/\/dermovein.cl\/wp-content\/uploads\/2017\/07\/Logo-Dermovein.png\",\"contentUrl\":\"https:\/\/dermovein.cl\/wp-content\/uploads\/2017\/07\/Logo-Dermovein.png\",\"width\":526,\"height\":338,\"caption\":\"Dermovein\"},\"image\":{\"@id\":\"https:\/\/dermovein.cl\/#\/schema\/logo\/image\/\"},\"sameAs\":[\"https:\/\/www.facebook.com\/dermovein\/\",\"https:\/\/www.instagram.com\/clinica.dermovein\/?hl=es-la\"]}]}<\/script>\n<!-- \/ Yoast SEO plugin. -->","yoast_head_json":{"title":"Tratamiento l\u00e1ser transd\u00e9rmico para v\u00e1rices - Cl\u00ednica especializada en eliminaci\u00f3n de varices","robots":{"index":"index","follow":"follow","max-snippet":"max-snippet:-1","max-image-preview":"max-image-preview:large","max-video-preview":"max-video-preview:-1"},"canonical":"https:\/\/dermovein.cl\/index.php\/producto\/tratamiento-laser-transdermico-para-varices\/","og_locale":"es_ES","og_type":"article","og_title":"Tratamiento l\u00e1ser transd\u00e9rmico para v\u00e1rices - Cl\u00ednica especializada en eliminaci\u00f3n de varices","og_description":"En Dermovein ofrecemos tratamientos con tecnolog\u00eda de vanguardia y de la mano de un personal altamente capacitado para abordar y tratar en forma conjunta las ara\u00f1itas y venas azules que tanto afectan a nuestros pacientes. Este l\u00e1ser transd\u00e9rmico es una nueva alternativa que unifica y obtiene los resultados que se lograr\u00edan entre el quir\u00f3fano y...","og_url":"https:\/\/dermovein.cl\/index.php\/producto\/tratamiento-laser-transdermico-para-varices\/","og_site_name":"Cl\u00ednica especializada en eliminaci\u00f3n de varices","article_publisher":"https:\/\/www.facebook.com\/dermovein\/","article_modified_time":"2024-06-12T13:44:48+00:00","og_image":[{"width":600,"height":450,"url":"https:\/\/dermovein.cl\/wp-content\/uploads\/2023\/10\/varices.jpg","type":"image\/jpeg"}],"twitter_card":"summary_large_image","twitter_misc":{"Tiempo de lectura":"1 minuto"},"schema":{"@context":"https:\/\/schema.org","@graph":[{"@type":"WebPage","@id":"https:\/\/dermovein.cl\/index.php\/producto\/tratamiento-laser-transdermico-para-varices\/","url":"https:\/\/dermovein.cl\/index.php\/producto\/tratamiento-laser-transdermico-para-varices\/","name":"Tratamiento l\u00e1ser transd\u00e9rmico para v\u00e1rices - Cl\u00ednica especializada en eliminaci\u00f3n de varices","isPartOf":{"@id":"https:\/\/dermovein.cl\/#website"},"primaryImageOfPage":{"@id":"https:\/\/dermovein.cl\/index.php\/producto\/tratamiento-laser-transdermico-para-varices\/#primaryimage"},"image":{"@id":"https:\/\/dermovein.cl\/index.php\/producto\/tratamiento-laser-transdermico-para-varices\/#primaryimage"},"thumbnailUrl":"https:\/\/dermovein.cl\/wp-content\/uploads\/2023\/10\/varices.jpg","datePublished":"2022-10-05T19:21:11+00:00","dateModified":"2024-06-12T13:44:48+00:00","breadcrumb":{"@id":"https:\/\/dermovein.cl\/index.php\/producto\/tratamiento-laser-transdermico-para-varices\/#breadcrumb"},"inLanguage":"es","potentialAction":[{"@type":"ReadAction","target":["https:\/\/dermovein.cl\/index.php\/producto\/tratamiento-laser-transdermico-para-varices\/"]}]},{"@type":"ImageObject","inLanguage":"es","@id":"https:\/\/dermovein.cl\/index.php\/producto\/tratamiento-laser-transdermico-para-varices\/#primaryimage","url":"https:\/\/dermovein.cl\/wp-content\/uploads\/2023\/10\/varices.jpg","contentUrl":"https:\/\/dermovein.cl\/wp-content\/uploads\/2023\/10\/varices.jpg","width":600,"height":450},{"@type":"BreadcrumbList","@id":"https:\/\/dermovein.cl\/index.php\/producto\/tratamiento-laser-transdermico-para-varices\/#breadcrumb","itemListElement":[{"@type":"ListItem","position":1,"name":"Portada","item":"https:\/\/dermovein.cl\/"},{"@type":"ListItem","position":2,"name":"Tienda","item":"https:\/\/dermovein.cl\/index.php\/tienda\/"},{"@type":"ListItem","position":3,"name":"Tratamiento l\u00e1ser transd\u00e9rmico para v\u00e1rices"}]},{"@type":"WebSite","@id":"https:\/\/dermovein.cl\/#website","url":"https:\/\/dermovein.cl\/","name":"Dermovein","description":"Elimina las varices y ara\u00f1as vasculares con nuestros tratamientos especializados en Dermovein. Resultados efectivos y seguros para unas piernas saludables y hermosas.","publisher":{"@id":"https:\/\/dermovein.cl\/#organization"},"potentialAction":[{"@type":"SearchAction","target":{"@type":"EntryPoint","urlTemplate":"https:\/\/dermovein.cl\/?s={search_term_string}"},"query-input":{"@type":"PropertyValueSpecification","valueRequired":true,"valueName":"search_term_string"}}],"inLanguage":"es"},{"@type":"Organization","@id":"https:\/\/dermovein.cl\/#organization","name":"Dermovein","url":"https:\/\/dermovein.cl\/","logo":{"@type":"ImageObject","inLanguage":"es","@id":"https:\/\/dermovein.cl\/#\/schema\/logo\/image\/","url":"https:\/\/dermovein.cl\/wp-content\/uploads\/2017\/07\/Logo-Dermovein.png","contentUrl":"https:\/\/dermovein.cl\/wp-content\/uploads\/2017\/07\/Logo-Dermovein.png","width":526,"height":338,"caption":"Dermovein"},"image":{"@id":"https:\/\/dermovein.cl\/#\/schema\/logo\/image\/"},"sameAs":["https:\/\/www.facebook.com\/dermovein\/","https:\/\/www.instagram.com\/clinica.dermovein\/?hl=es-la"]}]}},"_links":{"self":[{"href":"https:\/\/dermovein.cl\/index.php\/wp-json\/wp\/v2\/product\/19372","targetHints":{"allow":["GET"]}}],"collection":[{"href":"https:\/\/dermovein.cl\/index.php\/wp-json\/wp\/v2\/product"}],"about":[{"href":"https:\/\/dermovein.cl\/index.php\/wp-json\/wp\/v2\/types\/product"}],"wp:featuredmedia":[{"embeddable":true,"href":"https:\/\/dermovein.cl\/index.php\/wp-json\/wp\/v2\/media\/19373"}],"wp:attachment":[{"href":"https:\/\/dermovein.cl\/index.php\/wp-json\/wp\/v2\/media?parent=19372"}],"wp:term":[{"taxonomy":"product_brand","embeddable":true,"href":"https:\/\/dermovein.cl\/index.php\/wp-json\/wp\/v2\/product_brand?post=19372"},{"taxonomy":"product_cat","embeddable":true,"href":"https:\/\/dermovein.cl\/index.php\/wp-json\/wp\/v2\/product_cat?post=19372"},{"taxonomy":"product_tag","embeddable":true,"href":"https:\/\/dermovein.cl\/index.php\/wp-json\/wp\/v2\/product_tag?post=19372"}],"curies":[{"name":"wp","href":"https:\/\/api.w.org\/{rel}","templated":true}]}}