{"id":19370,"date":"2023-10-05T15:57:56","date_gmt":"2023-10-05T18:57:56","guid":{"rendered":"https:\/\/dermovein.cl\/?post_type=product&#038;p=19370"},"modified":"2024-06-12T09:41:10","modified_gmt":"2024-06-12T13:41:10","slug":"tratamiento-escleroterapia-de-varices-y-venas-de-arana","status":"publish","type":"product","link":"https:\/\/dermovein.cl\/index.php\/producto\/tratamiento-escleroterapia-de-varices-y-venas-de-arana\/","title":{"rendered":"Tratamiento escleroterapia de varices y venas de ara\u00f1a"},"content":{"rendered":"<div id=\"tab-description\" class=\"woocommerce-Tabs-panel woocommerce-Tabs-panel--description panel entry-content wc-tab\" role=\"tabpanel\" aria-labelledby=\"tab-title-description\">\n<p>Mejora la apariencia est\u00e9tica de las venas ara\u00f1as y de las v\u00e1rices, alivia el dolor, la quemaz\u00f3n, hinchaz\u00f3n y los calambres que suelen acompa\u00f1arlas, con nuestra Escleroterapia<\/p>\n<p>Este tratamiento es m\u00ednimamente invasivo que se realiza mediante la inyecci\u00f3n de una soluci\u00f3n disolvente directamente en las venas afectadas para que se encojan, se convierta en tejido cicatrizado y con el tiempo desaparezcan.<\/p>\n<p>Es un procedimiento generalmente ambulatorio que dura normalmente entre 35 a 45 minutos y el n\u00famero de venas tratadas en una sesi\u00f3n que va a depender del tama\u00f1o y del sitio en el que se encuentran ubicadas.<\/p>\n<hr \/>\n<div id=\"divtags\">\n<h1>Eliminaci\u00f3n de varices<\/h1>\n<h1>Eliminar ara\u00f1as vasculares<\/h1>\n<h1>Eliminar varices<\/h1>\n<h1>Eliminar varices piernas<\/h1>\n<h1>Escleroterapia<\/h1>\n<h1>Escleroterapia para varices<\/h1>\n<h1>Escleroterapia varices<\/h1>\n<h1>Quitar ara\u00f1as vasculares<\/h1>\n<h1>Tratamiento escleroterapia de varices y venas de ara\u00f1a<\/h1>\n<h1>Tratamiento ara\u00f1as vasculares<\/h1>\n<h1>Tratamiento para las varices y ara\u00f1itas<\/h1>\n<h1>Tratamiento para las venas ara\u00f1itas<\/h1>\n<h1>Tratamiento para varices y ara\u00f1itas<\/h1>\n<h1>Tratamiento para venas varices y ara\u00f1itas<\/h1>\n<\/div>\n<\/div>\n","protected":false},"excerpt":{"rendered":"<p>Mejora la apariencia est\u00e9tica de las venas ara\u00f1as y de las v\u00e1rices, alivia el dolor, la quemaz\u00f3n, hinchaz\u00f3n y los calambres que suelen acompa\u00f1arlas, con nuestra Escleroterapia Este tratamiento es m\u00ednimamente invasivo que se realiza mediante la inyecci\u00f3n de una soluci\u00f3n disolvente directamente en las venas afectadas para que se encojan, se convierta en tejido&#8230;<\/p>\n","protected":false},"featured_media":19371,"template":"","meta":{"_acf_changed":false},"product_brand":[],"product_cat":[1669],"product_tag":[],"class_list":{"0":"post-19370","1":"product","2":"type-product","3":"status-publish","4":"has-post-thumbnail","6":"product_cat-tratamiento-para-varices","8":"first","9":"instock","10":"shipping-taxable","11":"product-type-simple"},"acf":[],"yoast_head":"<!-- This site is optimized with the Yoast SEO plugin v26.4 - https:\/\/yoast.com\/wordpress\/plugins\/seo\/ -->\n<title>Tratamiento escleroterapia de varices y venas de ara\u00f1a - Cl\u00ednica especializada en eliminaci\u00f3n de varices<\/title>\n<meta name=\"description\" content=\"Nuestra t\u00e9cnica avanzada de escleroterapia de varices y venas elimina las imperfecciones de forma segura y efectiva, restaurando la belleza y la confianza en tu apariencia.\" \/>\n<meta name=\"robots\" content=\"index, follow, max-snippet:-1, max-image-preview:large, max-video-preview:-1\" \/>\n<link rel=\"canonical\" href=\"https:\/\/dermovein.cl\/index.php\/producto\/tratamiento-escleroterapia-de-varices-y-venas-de-arana\/\" \/>\n<meta property=\"og:locale\" content=\"es_ES\" \/>\n<meta property=\"og:type\" content=\"article\" \/>\n<meta property=\"og:title\" content=\"Tratamiento escleroterapia de varices y venas de ara\u00f1a - Cl\u00ednica especializada en eliminaci\u00f3n de varices\" \/>\n<meta property=\"og:description\" content=\"Nuestra t\u00e9cnica avanzada de escleroterapia de varices y venas elimina las imperfecciones de forma segura y efectiva, restaurando la belleza y la confianza en tu apariencia.\" \/>\n<meta property=\"og:url\" content=\"https:\/\/dermovein.cl\/index.php\/producto\/tratamiento-escleroterapia-de-varices-y-venas-de-arana\/\" \/>\n<meta property=\"og:site_name\" content=\"Cl\u00ednica especializada en eliminaci\u00f3n de varices\" \/>\n<meta property=\"article:publisher\" content=\"https:\/\/www.facebook.com\/dermovein\/\" \/>\n<meta property=\"article:modified_time\" content=\"2024-06-12T13:41:10+00:00\" \/>\n<meta property=\"og:image\" content=\"https:\/\/dermovein.cl\/wp-content\/uploads\/2023\/10\/escleroterapia.jpg\" \/>\n\t<meta property=\"og:image:width\" content=\"500\" \/>\n\t<meta property=\"og:image:height\" content=\"303\" \/>\n\t<meta property=\"og:image:type\" content=\"image\/jpeg\" \/>\n<meta name=\"twitter:card\" content=\"summary_large_image\" \/>\n<meta name=\"twitter:label1\" content=\"Tiempo de lectura\" \/>\n\t<meta name=\"twitter:data1\" content=\"1 minuto\" \/>\n<script type=\"application\/ld+json\" class=\"yoast-schema-graph\">{\"@context\":\"https:\/\/schema.org\",\"@graph\":[{\"@type\":\"WebPage\",\"@id\":\"https:\/\/dermovein.cl\/index.php\/producto\/tratamiento-escleroterapia-de-varices-y-venas-de-arana\/\",\"url\":\"https:\/\/dermovein.cl\/index.php\/producto\/tratamiento-escleroterapia-de-varices-y-venas-de-arana\/\",\"name\":\"Tratamiento escleroterapia de varices y venas de ara\u00f1a - Cl\u00ednica especializada en eliminaci\u00f3n de varices\",\"isPartOf\":{\"@id\":\"https:\/\/dermovein.cl\/#website\"},\"primaryImageOfPage\":{\"@id\":\"https:\/\/dermovein.cl\/index.php\/producto\/tratamiento-escleroterapia-de-varices-y-venas-de-arana\/#primaryimage\"},\"image\":{\"@id\":\"https:\/\/dermovein.cl\/index.php\/producto\/tratamiento-escleroterapia-de-varices-y-venas-de-arana\/#primaryimage\"},\"thumbnailUrl\":\"https:\/\/dermovein.cl\/wp-content\/uploads\/2023\/10\/escleroterapia.jpg\",\"datePublished\":\"2023-10-05T18:57:56+00:00\",\"dateModified\":\"2024-06-12T13:41:10+00:00\",\"description\":\"Nuestra t\u00e9cnica avanzada de escleroterapia de varices y venas elimina las imperfecciones de forma segura y efectiva, restaurando la belleza y la confianza en tu apariencia.\",\"breadcrumb\":{\"@id\":\"https:\/\/dermovein.cl\/index.php\/producto\/tratamiento-escleroterapia-de-varices-y-venas-de-arana\/#breadcrumb\"},\"inLanguage\":\"es\",\"potentialAction\":[{\"@type\":\"ReadAction\",\"target\":[\"https:\/\/dermovein.cl\/index.php\/producto\/tratamiento-escleroterapia-de-varices-y-venas-de-arana\/\"]}]},{\"@type\":\"ImageObject\",\"inLanguage\":\"es\",\"@id\":\"https:\/\/dermovein.cl\/index.php\/producto\/tratamiento-escleroterapia-de-varices-y-venas-de-arana\/#primaryimage\",\"url\":\"https:\/\/dermovein.cl\/wp-content\/uploads\/2023\/10\/escleroterapia.jpg\",\"contentUrl\":\"https:\/\/dermovein.cl\/wp-content\/uploads\/2023\/10\/escleroterapia.jpg\",\"width\":500,\"height\":303},{\"@type\":\"BreadcrumbList\",\"@id\":\"https:\/\/dermovein.cl\/index.php\/producto\/tratamiento-escleroterapia-de-varices-y-venas-de-arana\/#breadcrumb\",\"itemListElement\":[{\"@type\":\"ListItem\",\"position\":1,\"name\":\"Portada\",\"item\":\"https:\/\/dermovein.cl\/\"},{\"@type\":\"ListItem\",\"position\":2,\"name\":\"Tienda\",\"item\":\"https:\/\/dermovein.cl\/index.php\/tienda\/\"},{\"@type\":\"ListItem\",\"position\":3,\"name\":\"Tratamiento escleroterapia de varices y venas de ara\u00f1a\"}]},{\"@type\":\"WebSite\",\"@id\":\"https:\/\/dermovein.cl\/#website\",\"url\":\"https:\/\/dermovein.cl\/\",\"name\":\"Dermovein\",\"description\":\"Elimina las varices y ara\u00f1as vasculares con nuestros tratamientos especializados en Dermovein. Resultados efectivos y seguros para unas piernas saludables y hermosas.\",\"publisher\":{\"@id\":\"https:\/\/dermovein.cl\/#organization\"},\"potentialAction\":[{\"@type\":\"SearchAction\",\"target\":{\"@type\":\"EntryPoint\",\"urlTemplate\":\"https:\/\/dermovein.cl\/?s={search_term_string}\"},\"query-input\":{\"@type\":\"PropertyValueSpecification\",\"valueRequired\":true,\"valueName\":\"search_term_string\"}}],\"inLanguage\":\"es\"},{\"@type\":\"Organization\",\"@id\":\"https:\/\/dermovein.cl\/#organization\",\"name\":\"Dermovein\",\"url\":\"https:\/\/dermovein.cl\/\",\"logo\":{\"@type\":\"ImageObject\",\"inLanguage\":\"es\",\"@id\":\"https:\/\/dermovein.cl\/#\/schema\/logo\/image\/\",\"url\":\"https:\/\/dermovein.cl\/wp-content\/uploads\/2017\/07\/Logo-Dermovein.png\",\"contentUrl\":\"https:\/\/dermovein.cl\/wp-content\/uploads\/2017\/07\/Logo-Dermovein.png\",\"width\":526,\"height\":338,\"caption\":\"Dermovein\"},\"image\":{\"@id\":\"https:\/\/dermovein.cl\/#\/schema\/logo\/image\/\"},\"sameAs\":[\"https:\/\/www.facebook.com\/dermovein\/\",\"https:\/\/www.instagram.com\/clinica.dermovein\/?hl=es-la\"]}]}<\/script>\n<!-- \/ Yoast SEO plugin. -->","yoast_head_json":{"title":"Tratamiento escleroterapia de varices y venas de ara\u00f1a - Cl\u00ednica especializada en eliminaci\u00f3n de varices","description":"Nuestra t\u00e9cnica avanzada de escleroterapia de varices y venas elimina las imperfecciones de forma segura y efectiva, restaurando la belleza y la confianza en tu apariencia.","robots":{"index":"index","follow":"follow","max-snippet":"max-snippet:-1","max-image-preview":"max-image-preview:large","max-video-preview":"max-video-preview:-1"},"canonical":"https:\/\/dermovein.cl\/index.php\/producto\/tratamiento-escleroterapia-de-varices-y-venas-de-arana\/","og_locale":"es_ES","og_type":"article","og_title":"Tratamiento escleroterapia de varices y venas de ara\u00f1a - Cl\u00ednica especializada en eliminaci\u00f3n de varices","og_description":"Nuestra t\u00e9cnica avanzada de escleroterapia de varices y venas elimina las imperfecciones de forma segura y efectiva, restaurando la belleza y la confianza en tu apariencia.","og_url":"https:\/\/dermovein.cl\/index.php\/producto\/tratamiento-escleroterapia-de-varices-y-venas-de-arana\/","og_site_name":"Cl\u00ednica especializada en eliminaci\u00f3n de varices","article_publisher":"https:\/\/www.facebook.com\/dermovein\/","article_modified_time":"2024-06-12T13:41:10+00:00","og_image":[{"width":500,"height":303,"url":"https:\/\/dermovein.cl\/wp-content\/uploads\/2023\/10\/escleroterapia.jpg","type":"image\/jpeg"}],"twitter_card":"summary_large_image","twitter_misc":{"Tiempo de lectura":"1 minuto"},"schema":{"@context":"https:\/\/schema.org","@graph":[{"@type":"WebPage","@id":"https:\/\/dermovein.cl\/index.php\/producto\/tratamiento-escleroterapia-de-varices-y-venas-de-arana\/","url":"https:\/\/dermovein.cl\/index.php\/producto\/tratamiento-escleroterapia-de-varices-y-venas-de-arana\/","name":"Tratamiento escleroterapia de varices y venas de ara\u00f1a - Cl\u00ednica especializada en eliminaci\u00f3n de varices","isPartOf":{"@id":"https:\/\/dermovein.cl\/#website"},"primaryImageOfPage":{"@id":"https:\/\/dermovein.cl\/index.php\/producto\/tratamiento-escleroterapia-de-varices-y-venas-de-arana\/#primaryimage"},"image":{"@id":"https:\/\/dermovein.cl\/index.php\/producto\/tratamiento-escleroterapia-de-varices-y-venas-de-arana\/#primaryimage"},"thumbnailUrl":"https:\/\/dermovein.cl\/wp-content\/uploads\/2023\/10\/escleroterapia.jpg","datePublished":"2023-10-05T18:57:56+00:00","dateModified":"2024-06-12T13:41:10+00:00","description":"Nuestra t\u00e9cnica avanzada de escleroterapia de varices y venas elimina las imperfecciones de forma segura y efectiva, restaurando la belleza y la confianza en tu apariencia.","breadcrumb":{"@id":"https:\/\/dermovein.cl\/index.php\/producto\/tratamiento-escleroterapia-de-varices-y-venas-de-arana\/#breadcrumb"},"inLanguage":"es","potentialAction":[{"@type":"ReadAction","target":["https:\/\/dermovein.cl\/index.php\/producto\/tratamiento-escleroterapia-de-varices-y-venas-de-arana\/"]}]},{"@type":"ImageObject","inLanguage":"es","@id":"https:\/\/dermovein.cl\/index.php\/producto\/tratamiento-escleroterapia-de-varices-y-venas-de-arana\/#primaryimage","url":"https:\/\/dermovein.cl\/wp-content\/uploads\/2023\/10\/escleroterapia.jpg","contentUrl":"https:\/\/dermovein.cl\/wp-content\/uploads\/2023\/10\/escleroterapia.jpg","width":500,"height":303},{"@type":"BreadcrumbList","@id":"https:\/\/dermovein.cl\/index.php\/producto\/tratamiento-escleroterapia-de-varices-y-venas-de-arana\/#breadcrumb","itemListElement":[{"@type":"ListItem","position":1,"name":"Portada","item":"https:\/\/dermovein.cl\/"},{"@type":"ListItem","position":2,"name":"Tienda","item":"https:\/\/dermovein.cl\/index.php\/tienda\/"},{"@type":"ListItem","position":3,"name":"Tratamiento escleroterapia de varices y venas de ara\u00f1a"}]},{"@type":"WebSite","@id":"https:\/\/dermovein.cl\/#website","url":"https:\/\/dermovein.cl\/","name":"Dermovein","description":"Elimina las varices y ara\u00f1as vasculares con nuestros tratamientos especializados en Dermovein. Resultados efectivos y seguros para unas piernas saludables y hermosas.","publisher":{"@id":"https:\/\/dermovein.cl\/#organization"},"potentialAction":[{"@type":"SearchAction","target":{"@type":"EntryPoint","urlTemplate":"https:\/\/dermovein.cl\/?s={search_term_string}"},"query-input":{"@type":"PropertyValueSpecification","valueRequired":true,"valueName":"search_term_string"}}],"inLanguage":"es"},{"@type":"Organization","@id":"https:\/\/dermovein.cl\/#organization","name":"Dermovein","url":"https:\/\/dermovein.cl\/","logo":{"@type":"ImageObject","inLanguage":"es","@id":"https:\/\/dermovein.cl\/#\/schema\/logo\/image\/","url":"https:\/\/dermovein.cl\/wp-content\/uploads\/2017\/07\/Logo-Dermovein.png","contentUrl":"https:\/\/dermovein.cl\/wp-content\/uploads\/2017\/07\/Logo-Dermovein.png","width":526,"height":338,"caption":"Dermovein"},"image":{"@id":"https:\/\/dermovein.cl\/#\/schema\/logo\/image\/"},"sameAs":["https:\/\/www.facebook.com\/dermovein\/","https:\/\/www.instagram.com\/clinica.dermovein\/?hl=es-la"]}]}},"_links":{"self":[{"href":"https:\/\/dermovein.cl\/index.php\/wp-json\/wp\/v2\/product\/19370","targetHints":{"allow":["GET"]}}],"collection":[{"href":"https:\/\/dermovein.cl\/index.php\/wp-json\/wp\/v2\/product"}],"about":[{"href":"https:\/\/dermovein.cl\/index.php\/wp-json\/wp\/v2\/types\/product"}],"wp:featuredmedia":[{"embeddable":true,"href":"https:\/\/dermovein.cl\/index.php\/wp-json\/wp\/v2\/media\/19371"}],"wp:attachment":[{"href":"https:\/\/dermovein.cl\/index.php\/wp-json\/wp\/v2\/media?parent=19370"}],"wp:term":[{"taxonomy":"product_brand","embeddable":true,"href":"https:\/\/dermovein.cl\/index.php\/wp-json\/wp\/v2\/product_brand?post=19370"},{"taxonomy":"product_cat","embeddable":true,"href":"https:\/\/dermovein.cl\/index.php\/wp-json\/wp\/v2\/product_cat?post=19370"},{"taxonomy":"product_tag","embeddable":true,"href":"https:\/\/dermovein.cl\/index.php\/wp-json\/wp\/v2\/product_tag?post=19370"}],"curies":[{"name":"wp","href":"https:\/\/api.w.org\/{rel}","templated":true}]}}