{"id":19366,"date":"2023-10-05T15:36:00","date_gmt":"2023-10-05T18:36:00","guid":{"rendered":"https:\/\/dermovein.cl\/?post_type=product&#038;p=19366"},"modified":"2024-06-12T09:13:11","modified_gmt":"2024-06-12T13:13:11","slug":"tratamiento-endolaser","status":"publish","type":"product","link":"https:\/\/dermovein.cl\/index.php\/producto\/tratamiento-endolaser\/","title":{"rendered":"Tratamiento endol\u00e1ser"},"content":{"rendered":"<p>En nuestra Cl\u00ednica Dermovein eliminamos las venas varicosas con una t\u00e9cnica m\u00ednimamente invasiva, con nuestro maravilloso Endol\u00e1ser o tratamiento L\u00e1ser Endovenoso, que se realiza con anestesia local, sin la necesidad de sedaci\u00f3n del paciente.<\/p>\n<div id=\"tab-description\" class=\"woocommerce-Tabs-panel woocommerce-Tabs-panel--description panel entry-content wc-tab\" role=\"tabpanel\" aria-labelledby=\"tab-title-description\">\n<p>Recordemos que estas venas varicosas pueden formarse en cualquier sitio pero com\u00fanmente aparecen en las piernas debido a que la sangre se bombea en contra de la fuerza de la gravedad.<\/p>\n<p>Estas venas contienen dos v\u00e1lvulas que permiten que la sangre circule en una direcci\u00f3n e impiden que circule hacia atr\u00e1s, por lo que pueden volverse defectuosas y fallar en el cierre, causando que la sangre circule hacia atr\u00e1s y que la vena se agrande y aparecer como protuberancias bajo de la piel.<\/p>\n<p>Nuestro tratamiento Endol\u00e1ser puede llevarse a cabo en una hora, en la mayor\u00eda de los casos, se coloca anestesia local ya que es una t\u00e9cnica m\u00ednimamente invasiva y el paciente puede permanecer despierto.<\/p>\n<p>Durante la realizaci\u00f3n del tratamiento nuestros m\u00e9dicos insertan una fibra \u00f3ptica en la vena para dirigir el l\u00e1ser, iluminar la vena, generar calor y da\u00f1arla. Esto hace que se cierre, formando tejido cicatricial para que finalmente la vena muera y desaparezca por completo.<\/p>\n<p>Este l\u00e1ser debe moverse a lo largo de la vena para cerrar toda su longitud y para ello se utiliza un esc\u00e1ner de ultrasonido que permite guiar el l\u00e1ser. Una excelente alternativa que evita tratamientos quir\u00fargicos como la extirpaci\u00f3n venosa.<\/p>\n<p>Las posibles complicaciones incluyen quemaduras cut\u00e1neas, cambios en el color de la piel, da\u00f1o en los nervios y trombosis venosa. Tambi\u00e9n podr\u00eda surgir cierta incomodidad despu\u00e9s del tratamiento.<\/p>\n<p>Generalmente nuestros pacientes deben usar una media de compresi\u00f3n durante una semana post procedimiento y reanudar sus actividades diarias muy r\u00e1pidamente.<\/p>\n<hr \/>\n<\/div>\n<div id=\"divtags\">\n<h1>Ara\u00f1as vasculares<\/h1>\n<h1>Ara\u00f1as vasculares piernas<\/h1>\n<h1>Centro de varices<\/h1>\n<h1>Centros m\u00e9dicos especialistas en v\u00e1rices<\/h1>\n<h1>Cl\u00ednica de las varices<\/h1>\n<h1>Cl\u00ednica de tratamiento de varices<\/h1>\n<h1>Cl\u00ednica de varices<\/h1>\n<h1>Cl\u00ednica de venas varicosas<\/h1>\n<h1>Cl\u00ednica para las varices<\/h1>\n<h1>Cl\u00ednica para quitar varices<\/h1>\n<h1>Cl\u00ednica para tratamiento de varices<\/h1>\n<h1>Cl\u00ednica para tratar las varices<\/h1>\n<h1>Cl\u00ednica para varices<\/h1>\n<h1>Cl\u00ednica para venas varicosas<\/h1>\n<\/div>\n","protected":false},"excerpt":{"rendered":"<p>En nuestra Cl\u00ednica Dermovein eliminamos las venas varicosas con una t\u00e9cnica m\u00ednimamente invasiva, con nuestro maravilloso Endol\u00e1ser o tratamiento L\u00e1ser Endovenoso, que se realiza con anestesia local, sin la necesidad de sedaci\u00f3n del paciente. Recordemos que estas venas varicosas pueden formarse en cualquier sitio pero com\u00fanmente aparecen en las piernas debido a que la sangre&#8230;<\/p>\n","protected":false},"featured_media":19367,"template":"","meta":{"_acf_changed":false},"product_brand":[],"product_cat":[1669],"product_tag":[],"class_list":{"0":"post-19366","1":"product","2":"type-product","3":"status-publish","4":"has-post-thumbnail","6":"product_cat-tratamiento-para-varices","8":"first","9":"instock","10":"shipping-taxable","11":"product-type-simple"},"acf":[],"yoast_head":"<!-- This site is optimized with the Yoast SEO plugin v26.4 - https:\/\/yoast.com\/wordpress\/plugins\/seo\/ -->\n<title>Tratamiento endol\u00e1ser - Cl\u00ednica especializada en eliminaci\u00f3n de varices<\/title>\n<meta name=\"description\" content=\"Descubre la excelencia en el tratamiento de venas varicosas con nuestra tecnolog\u00eda de endol\u00e1ser. Elimina las venas varicosas de forma precisa y efectiva, con resultados visibles y una recuperaci\u00f3n r\u00e1pida.\" \/>\n<meta name=\"robots\" content=\"index, follow, max-snippet:-1, max-image-preview:large, max-video-preview:-1\" \/>\n<link rel=\"canonical\" href=\"https:\/\/dermovein.cl\/index.php\/producto\/tratamiento-endolaser\/\" \/>\n<meta property=\"og:locale\" content=\"es_ES\" \/>\n<meta property=\"og:type\" content=\"article\" \/>\n<meta property=\"og:title\" content=\"Tratamiento endol\u00e1ser - Cl\u00ednica especializada en eliminaci\u00f3n de varices\" \/>\n<meta property=\"og:description\" content=\"Descubre la excelencia en el tratamiento de venas varicosas con nuestra tecnolog\u00eda de endol\u00e1ser. Elimina las venas varicosas de forma precisa y efectiva, con resultados visibles y una recuperaci\u00f3n r\u00e1pida.\" \/>\n<meta property=\"og:url\" content=\"https:\/\/dermovein.cl\/index.php\/producto\/tratamiento-endolaser\/\" \/>\n<meta property=\"og:site_name\" content=\"Cl\u00ednica especializada en eliminaci\u00f3n de varices\" \/>\n<meta property=\"article:publisher\" content=\"https:\/\/www.facebook.com\/dermovein\/\" \/>\n<meta property=\"article:modified_time\" content=\"2024-06-12T13:13:11+00:00\" \/>\n<meta property=\"og:image\" content=\"https:\/\/dermovein.cl\/wp-content\/uploads\/2023\/10\/endolaser.jpg\" \/>\n\t<meta property=\"og:image:width\" content=\"500\" \/>\n\t<meta property=\"og:image:height\" content=\"334\" \/>\n\t<meta property=\"og:image:type\" content=\"image\/jpeg\" \/>\n<meta name=\"twitter:card\" content=\"summary_large_image\" \/>\n<meta name=\"twitter:label1\" content=\"Tiempo de lectura\" \/>\n\t<meta name=\"twitter:data1\" content=\"2 minutos\" \/>\n<script type=\"application\/ld+json\" class=\"yoast-schema-graph\">{\"@context\":\"https:\/\/schema.org\",\"@graph\":[{\"@type\":\"WebPage\",\"@id\":\"https:\/\/dermovein.cl\/index.php\/producto\/tratamiento-endolaser\/\",\"url\":\"https:\/\/dermovein.cl\/index.php\/producto\/tratamiento-endolaser\/\",\"name\":\"Tratamiento endol\u00e1ser - Cl\u00ednica especializada en eliminaci\u00f3n de varices\",\"isPartOf\":{\"@id\":\"https:\/\/dermovein.cl\/#website\"},\"primaryImageOfPage\":{\"@id\":\"https:\/\/dermovein.cl\/index.php\/producto\/tratamiento-endolaser\/#primaryimage\"},\"image\":{\"@id\":\"https:\/\/dermovein.cl\/index.php\/producto\/tratamiento-endolaser\/#primaryimage\"},\"thumbnailUrl\":\"https:\/\/dermovein.cl\/wp-content\/uploads\/2023\/10\/endolaser.jpg\",\"datePublished\":\"2023-10-05T18:36:00+00:00\",\"dateModified\":\"2024-06-12T13:13:11+00:00\",\"description\":\"Descubre la excelencia en el tratamiento de venas varicosas con nuestra tecnolog\u00eda de endol\u00e1ser. Elimina las venas varicosas de forma precisa y efectiva, con resultados visibles y una recuperaci\u00f3n r\u00e1pida.\",\"breadcrumb\":{\"@id\":\"https:\/\/dermovein.cl\/index.php\/producto\/tratamiento-endolaser\/#breadcrumb\"},\"inLanguage\":\"es\",\"potentialAction\":[{\"@type\":\"ReadAction\",\"target\":[\"https:\/\/dermovein.cl\/index.php\/producto\/tratamiento-endolaser\/\"]}]},{\"@type\":\"ImageObject\",\"inLanguage\":\"es\",\"@id\":\"https:\/\/dermovein.cl\/index.php\/producto\/tratamiento-endolaser\/#primaryimage\",\"url\":\"https:\/\/dermovein.cl\/wp-content\/uploads\/2023\/10\/endolaser.jpg\",\"contentUrl\":\"https:\/\/dermovein.cl\/wp-content\/uploads\/2023\/10\/endolaser.jpg\",\"width\":500,\"height\":334},{\"@type\":\"BreadcrumbList\",\"@id\":\"https:\/\/dermovein.cl\/index.php\/producto\/tratamiento-endolaser\/#breadcrumb\",\"itemListElement\":[{\"@type\":\"ListItem\",\"position\":1,\"name\":\"Portada\",\"item\":\"https:\/\/dermovein.cl\/\"},{\"@type\":\"ListItem\",\"position\":2,\"name\":\"Tienda\",\"item\":\"https:\/\/dermovein.cl\/index.php\/tienda\/\"},{\"@type\":\"ListItem\",\"position\":3,\"name\":\"Tratamiento endol\u00e1ser\"}]},{\"@type\":\"WebSite\",\"@id\":\"https:\/\/dermovein.cl\/#website\",\"url\":\"https:\/\/dermovein.cl\/\",\"name\":\"Dermovein\",\"description\":\"Elimina las varices y ara\u00f1as vasculares con nuestros tratamientos especializados en Dermovein. Resultados efectivos y seguros para unas piernas saludables y hermosas.\",\"publisher\":{\"@id\":\"https:\/\/dermovein.cl\/#organization\"},\"potentialAction\":[{\"@type\":\"SearchAction\",\"target\":{\"@type\":\"EntryPoint\",\"urlTemplate\":\"https:\/\/dermovein.cl\/?s={search_term_string}\"},\"query-input\":{\"@type\":\"PropertyValueSpecification\",\"valueRequired\":true,\"valueName\":\"search_term_string\"}}],\"inLanguage\":\"es\"},{\"@type\":\"Organization\",\"@id\":\"https:\/\/dermovein.cl\/#organization\",\"name\":\"Dermovein\",\"url\":\"https:\/\/dermovein.cl\/\",\"logo\":{\"@type\":\"ImageObject\",\"inLanguage\":\"es\",\"@id\":\"https:\/\/dermovein.cl\/#\/schema\/logo\/image\/\",\"url\":\"https:\/\/dermovein.cl\/wp-content\/uploads\/2017\/07\/Logo-Dermovein.png\",\"contentUrl\":\"https:\/\/dermovein.cl\/wp-content\/uploads\/2017\/07\/Logo-Dermovein.png\",\"width\":526,\"height\":338,\"caption\":\"Dermovein\"},\"image\":{\"@id\":\"https:\/\/dermovein.cl\/#\/schema\/logo\/image\/\"},\"sameAs\":[\"https:\/\/www.facebook.com\/dermovein\/\",\"https:\/\/www.instagram.com\/clinica.dermovein\/?hl=es-la\"]}]}<\/script>\n<!-- \/ Yoast SEO plugin. -->","yoast_head_json":{"title":"Tratamiento endol\u00e1ser - Cl\u00ednica especializada en eliminaci\u00f3n de varices","description":"Descubre la excelencia en el tratamiento de venas varicosas con nuestra tecnolog\u00eda de endol\u00e1ser. Elimina las venas varicosas de forma precisa y efectiva, con resultados visibles y una recuperaci\u00f3n r\u00e1pida.","robots":{"index":"index","follow":"follow","max-snippet":"max-snippet:-1","max-image-preview":"max-image-preview:large","max-video-preview":"max-video-preview:-1"},"canonical":"https:\/\/dermovein.cl\/index.php\/producto\/tratamiento-endolaser\/","og_locale":"es_ES","og_type":"article","og_title":"Tratamiento endol\u00e1ser - Cl\u00ednica especializada en eliminaci\u00f3n de varices","og_description":"Descubre la excelencia en el tratamiento de venas varicosas con nuestra tecnolog\u00eda de endol\u00e1ser. Elimina las venas varicosas de forma precisa y efectiva, con resultados visibles y una recuperaci\u00f3n r\u00e1pida.","og_url":"https:\/\/dermovein.cl\/index.php\/producto\/tratamiento-endolaser\/","og_site_name":"Cl\u00ednica especializada en eliminaci\u00f3n de varices","article_publisher":"https:\/\/www.facebook.com\/dermovein\/","article_modified_time":"2024-06-12T13:13:11+00:00","og_image":[{"width":500,"height":334,"url":"https:\/\/dermovein.cl\/wp-content\/uploads\/2023\/10\/endolaser.jpg","type":"image\/jpeg"}],"twitter_card":"summary_large_image","twitter_misc":{"Tiempo de lectura":"2 minutos"},"schema":{"@context":"https:\/\/schema.org","@graph":[{"@type":"WebPage","@id":"https:\/\/dermovein.cl\/index.php\/producto\/tratamiento-endolaser\/","url":"https:\/\/dermovein.cl\/index.php\/producto\/tratamiento-endolaser\/","name":"Tratamiento endol\u00e1ser - Cl\u00ednica especializada en eliminaci\u00f3n de varices","isPartOf":{"@id":"https:\/\/dermovein.cl\/#website"},"primaryImageOfPage":{"@id":"https:\/\/dermovein.cl\/index.php\/producto\/tratamiento-endolaser\/#primaryimage"},"image":{"@id":"https:\/\/dermovein.cl\/index.php\/producto\/tratamiento-endolaser\/#primaryimage"},"thumbnailUrl":"https:\/\/dermovein.cl\/wp-content\/uploads\/2023\/10\/endolaser.jpg","datePublished":"2023-10-05T18:36:00+00:00","dateModified":"2024-06-12T13:13:11+00:00","description":"Descubre la excelencia en el tratamiento de venas varicosas con nuestra tecnolog\u00eda de endol\u00e1ser. Elimina las venas varicosas de forma precisa y efectiva, con resultados visibles y una recuperaci\u00f3n r\u00e1pida.","breadcrumb":{"@id":"https:\/\/dermovein.cl\/index.php\/producto\/tratamiento-endolaser\/#breadcrumb"},"inLanguage":"es","potentialAction":[{"@type":"ReadAction","target":["https:\/\/dermovein.cl\/index.php\/producto\/tratamiento-endolaser\/"]}]},{"@type":"ImageObject","inLanguage":"es","@id":"https:\/\/dermovein.cl\/index.php\/producto\/tratamiento-endolaser\/#primaryimage","url":"https:\/\/dermovein.cl\/wp-content\/uploads\/2023\/10\/endolaser.jpg","contentUrl":"https:\/\/dermovein.cl\/wp-content\/uploads\/2023\/10\/endolaser.jpg","width":500,"height":334},{"@type":"BreadcrumbList","@id":"https:\/\/dermovein.cl\/index.php\/producto\/tratamiento-endolaser\/#breadcrumb","itemListElement":[{"@type":"ListItem","position":1,"name":"Portada","item":"https:\/\/dermovein.cl\/"},{"@type":"ListItem","position":2,"name":"Tienda","item":"https:\/\/dermovein.cl\/index.php\/tienda\/"},{"@type":"ListItem","position":3,"name":"Tratamiento endol\u00e1ser"}]},{"@type":"WebSite","@id":"https:\/\/dermovein.cl\/#website","url":"https:\/\/dermovein.cl\/","name":"Dermovein","description":"Elimina las varices y ara\u00f1as vasculares con nuestros tratamientos especializados en Dermovein. Resultados efectivos y seguros para unas piernas saludables y hermosas.","publisher":{"@id":"https:\/\/dermovein.cl\/#organization"},"potentialAction":[{"@type":"SearchAction","target":{"@type":"EntryPoint","urlTemplate":"https:\/\/dermovein.cl\/?s={search_term_string}"},"query-input":{"@type":"PropertyValueSpecification","valueRequired":true,"valueName":"search_term_string"}}],"inLanguage":"es"},{"@type":"Organization","@id":"https:\/\/dermovein.cl\/#organization","name":"Dermovein","url":"https:\/\/dermovein.cl\/","logo":{"@type":"ImageObject","inLanguage":"es","@id":"https:\/\/dermovein.cl\/#\/schema\/logo\/image\/","url":"https:\/\/dermovein.cl\/wp-content\/uploads\/2017\/07\/Logo-Dermovein.png","contentUrl":"https:\/\/dermovein.cl\/wp-content\/uploads\/2017\/07\/Logo-Dermovein.png","width":526,"height":338,"caption":"Dermovein"},"image":{"@id":"https:\/\/dermovein.cl\/#\/schema\/logo\/image\/"},"sameAs":["https:\/\/www.facebook.com\/dermovein\/","https:\/\/www.instagram.com\/clinica.dermovein\/?hl=es-la"]}]}},"_links":{"self":[{"href":"https:\/\/dermovein.cl\/index.php\/wp-json\/wp\/v2\/product\/19366","targetHints":{"allow":["GET"]}}],"collection":[{"href":"https:\/\/dermovein.cl\/index.php\/wp-json\/wp\/v2\/product"}],"about":[{"href":"https:\/\/dermovein.cl\/index.php\/wp-json\/wp\/v2\/types\/product"}],"wp:featuredmedia":[{"embeddable":true,"href":"https:\/\/dermovein.cl\/index.php\/wp-json\/wp\/v2\/media\/19367"}],"wp:attachment":[{"href":"https:\/\/dermovein.cl\/index.php\/wp-json\/wp\/v2\/media?parent=19366"}],"wp:term":[{"taxonomy":"product_brand","embeddable":true,"href":"https:\/\/dermovein.cl\/index.php\/wp-json\/wp\/v2\/product_brand?post=19366"},{"taxonomy":"product_cat","embeddable":true,"href":"https:\/\/dermovein.cl\/index.php\/wp-json\/wp\/v2\/product_cat?post=19366"},{"taxonomy":"product_tag","embeddable":true,"href":"https:\/\/dermovein.cl\/index.php\/wp-json\/wp\/v2\/product_tag?post=19366"}],"curies":[{"name":"wp","href":"https:\/\/api.w.org\/{rel}","templated":true}]}}