{"id":19350,"date":"2023-10-06T16:47:15","date_gmt":"2023-10-06T19:47:15","guid":{"rendered":"https:\/\/dermovein.cl\/?post_type=product&#038;p=19350"},"modified":"2024-06-12T09:58:16","modified_gmt":"2024-06-12T13:58:16","slug":"tratamiento-ecografia-doppler","status":"publish","type":"product","link":"https:\/\/dermovein.cl\/index.php\/producto\/tratamiento-ecografia-doppler\/","title":{"rendered":"Tratamiento ecograf\u00eda doppler"},"content":{"rendered":"<p>Este es un m\u00e9todo que utiliza una sustancia qu\u00edmica adhesiva, usado largamente en medicina, que act\u00faa logrando un cierre de la vena disfuncionante. Tambi\u00e9n reemplaza a las t\u00e9cnicas de cirug\u00edas de v\u00e1rices antiguas.<\/p>\n<hr \/>\n<div id=\"divtags\">\n<h1>Tratamiento varices<\/h1>\n<h1>Tratamiento varices en las piernas<\/h1>\n<h1>Tratamiento venas varicosas<\/h1>\n<h1>Tratamientos para varices<\/h1>\n<h1>Varices en los pies tratamiento<\/h1>\n<h1>Varices tratamiento<\/h1>\n<h1>Venas varicosas cl\u00ednicas<\/h1>\n<h1>Venas varicosas tratamiento<\/h1>\n<h1>Tratamiento ecograf\u00eda doppler<\/h1>\n<\/div>\n","protected":false},"excerpt":{"rendered":"<p>Este es un m\u00e9todo que utiliza una sustancia qu\u00edmica adhesiva, usado largamente en medicina, que act\u00faa logrando un cierre de la vena disfuncionante. Tambi\u00e9n reemplaza a las t\u00e9cnicas de cirug\u00edas de v\u00e1rices antiguas. Tratamiento varices Tratamiento varices en las piernas Tratamiento venas varicosas Tratamientos para varices Varices en los pies tratamiento Varices tratamiento Venas varicosas&#8230;<\/p>\n","protected":false},"featured_media":19351,"template":"","meta":{"_acf_changed":false},"product_brand":[],"product_cat":[1669],"product_tag":[],"class_list":{"0":"post-19350","1":"product","2":"type-product","3":"status-publish","4":"has-post-thumbnail","6":"product_cat-tratamiento-para-varices","8":"first","9":"instock","10":"shipping-taxable","11":"product-type-simple"},"acf":[],"yoast_head":"<!-- This site is optimized with the Yoast SEO plugin v26.4 - https:\/\/yoast.com\/wordpress\/plugins\/seo\/ -->\n<title>Tratamiento ecograf\u00eda doppler - Cl\u00ednica especializada en eliminaci\u00f3n de varices<\/title>\n<meta name=\"description\" content=\"El procedimiento de la ecograf\u00eda Doppler es indoloro y no invasivo, lo que significa que no se requiere cirug\u00eda ni punci\u00f3n de la piel para la eliminaci\u00f3n de las varices y ara\u00f1as vasculares.\" \/>\n<meta name=\"robots\" content=\"index, follow, max-snippet:-1, max-image-preview:large, max-video-preview:-1\" \/>\n<link rel=\"canonical\" href=\"https:\/\/dermovein.cl\/index.php\/producto\/tratamiento-ecografia-doppler\/\" \/>\n<meta property=\"og:locale\" content=\"es_ES\" \/>\n<meta property=\"og:type\" content=\"article\" \/>\n<meta property=\"og:title\" content=\"Tratamiento ecograf\u00eda doppler - Cl\u00ednica especializada en eliminaci\u00f3n de varices\" \/>\n<meta property=\"og:description\" content=\"El procedimiento de la ecograf\u00eda Doppler es indoloro y no invasivo, lo que significa que no se requiere cirug\u00eda ni punci\u00f3n de la piel para la eliminaci\u00f3n de las varices y ara\u00f1as vasculares.\" \/>\n<meta property=\"og:url\" content=\"https:\/\/dermovein.cl\/index.php\/producto\/tratamiento-ecografia-doppler\/\" \/>\n<meta property=\"og:site_name\" content=\"Cl\u00ednica especializada en eliminaci\u00f3n de varices\" \/>\n<meta property=\"article:publisher\" content=\"https:\/\/www.facebook.com\/dermovein\/\" \/>\n<meta property=\"article:modified_time\" content=\"2024-06-12T13:58:16+00:00\" \/>\n<meta property=\"og:image\" content=\"https:\/\/dermovein.cl\/wp-content\/uploads\/2023\/10\/doppler.jpg\" \/>\n\t<meta property=\"og:image:width\" content=\"500\" \/>\n\t<meta property=\"og:image:height\" content=\"334\" \/>\n\t<meta property=\"og:image:type\" content=\"image\/jpeg\" \/>\n<meta name=\"twitter:card\" content=\"summary_large_image\" \/>\n<meta name=\"twitter:label1\" content=\"Tiempo de lectura\" \/>\n\t<meta name=\"twitter:data1\" content=\"1 minuto\" \/>\n<script type=\"application\/ld+json\" class=\"yoast-schema-graph\">{\"@context\":\"https:\/\/schema.org\",\"@graph\":[{\"@type\":\"WebPage\",\"@id\":\"https:\/\/dermovein.cl\/index.php\/producto\/tratamiento-ecografia-doppler\/\",\"url\":\"https:\/\/dermovein.cl\/index.php\/producto\/tratamiento-ecografia-doppler\/\",\"name\":\"Tratamiento ecograf\u00eda doppler - Cl\u00ednica especializada en eliminaci\u00f3n de varices\",\"isPartOf\":{\"@id\":\"https:\/\/dermovein.cl\/#website\"},\"primaryImageOfPage\":{\"@id\":\"https:\/\/dermovein.cl\/index.php\/producto\/tratamiento-ecografia-doppler\/#primaryimage\"},\"image\":{\"@id\":\"https:\/\/dermovein.cl\/index.php\/producto\/tratamiento-ecografia-doppler\/#primaryimage\"},\"thumbnailUrl\":\"https:\/\/dermovein.cl\/wp-content\/uploads\/2023\/10\/doppler.jpg\",\"datePublished\":\"2023-10-06T19:47:15+00:00\",\"dateModified\":\"2024-06-12T13:58:16+00:00\",\"description\":\"El procedimiento de la ecograf\u00eda Doppler es indoloro y no invasivo, lo que significa que no se requiere cirug\u00eda ni punci\u00f3n de la piel para la eliminaci\u00f3n de las varices y ara\u00f1as vasculares.\",\"breadcrumb\":{\"@id\":\"https:\/\/dermovein.cl\/index.php\/producto\/tratamiento-ecografia-doppler\/#breadcrumb\"},\"inLanguage\":\"es\",\"potentialAction\":[{\"@type\":\"ReadAction\",\"target\":[\"https:\/\/dermovein.cl\/index.php\/producto\/tratamiento-ecografia-doppler\/\"]}]},{\"@type\":\"ImageObject\",\"inLanguage\":\"es\",\"@id\":\"https:\/\/dermovein.cl\/index.php\/producto\/tratamiento-ecografia-doppler\/#primaryimage\",\"url\":\"https:\/\/dermovein.cl\/wp-content\/uploads\/2023\/10\/doppler.jpg\",\"contentUrl\":\"https:\/\/dermovein.cl\/wp-content\/uploads\/2023\/10\/doppler.jpg\",\"width\":500,\"height\":334},{\"@type\":\"BreadcrumbList\",\"@id\":\"https:\/\/dermovein.cl\/index.php\/producto\/tratamiento-ecografia-doppler\/#breadcrumb\",\"itemListElement\":[{\"@type\":\"ListItem\",\"position\":1,\"name\":\"Portada\",\"item\":\"https:\/\/dermovein.cl\/\"},{\"@type\":\"ListItem\",\"position\":2,\"name\":\"Tienda\",\"item\":\"https:\/\/dermovein.cl\/index.php\/tienda\/\"},{\"@type\":\"ListItem\",\"position\":3,\"name\":\"Tratamiento ecograf\u00eda doppler\"}]},{\"@type\":\"WebSite\",\"@id\":\"https:\/\/dermovein.cl\/#website\",\"url\":\"https:\/\/dermovein.cl\/\",\"name\":\"Dermovein\",\"description\":\"Elimina las varices y ara\u00f1as vasculares con nuestros tratamientos especializados en Dermovein. Resultados efectivos y seguros para unas piernas saludables y hermosas.\",\"publisher\":{\"@id\":\"https:\/\/dermovein.cl\/#organization\"},\"potentialAction\":[{\"@type\":\"SearchAction\",\"target\":{\"@type\":\"EntryPoint\",\"urlTemplate\":\"https:\/\/dermovein.cl\/?s={search_term_string}\"},\"query-input\":{\"@type\":\"PropertyValueSpecification\",\"valueRequired\":true,\"valueName\":\"search_term_string\"}}],\"inLanguage\":\"es\"},{\"@type\":\"Organization\",\"@id\":\"https:\/\/dermovein.cl\/#organization\",\"name\":\"Dermovein\",\"url\":\"https:\/\/dermovein.cl\/\",\"logo\":{\"@type\":\"ImageObject\",\"inLanguage\":\"es\",\"@id\":\"https:\/\/dermovein.cl\/#\/schema\/logo\/image\/\",\"url\":\"https:\/\/dermovein.cl\/wp-content\/uploads\/2017\/07\/Logo-Dermovein.png\",\"contentUrl\":\"https:\/\/dermovein.cl\/wp-content\/uploads\/2017\/07\/Logo-Dermovein.png\",\"width\":526,\"height\":338,\"caption\":\"Dermovein\"},\"image\":{\"@id\":\"https:\/\/dermovein.cl\/#\/schema\/logo\/image\/\"},\"sameAs\":[\"https:\/\/www.facebook.com\/dermovein\/\",\"https:\/\/www.instagram.com\/clinica.dermovein\/?hl=es-la\"]}]}<\/script>\n<!-- \/ Yoast SEO plugin. -->","yoast_head_json":{"title":"Tratamiento ecograf\u00eda doppler - Cl\u00ednica especializada en eliminaci\u00f3n de varices","description":"El procedimiento de la ecograf\u00eda Doppler es indoloro y no invasivo, lo que significa que no se requiere cirug\u00eda ni punci\u00f3n de la piel para la eliminaci\u00f3n de las varices y ara\u00f1as vasculares.","robots":{"index":"index","follow":"follow","max-snippet":"max-snippet:-1","max-image-preview":"max-image-preview:large","max-video-preview":"max-video-preview:-1"},"canonical":"https:\/\/dermovein.cl\/index.php\/producto\/tratamiento-ecografia-doppler\/","og_locale":"es_ES","og_type":"article","og_title":"Tratamiento ecograf\u00eda doppler - Cl\u00ednica especializada en eliminaci\u00f3n de varices","og_description":"El procedimiento de la ecograf\u00eda Doppler es indoloro y no invasivo, lo que significa que no se requiere cirug\u00eda ni punci\u00f3n de la piel para la eliminaci\u00f3n de las varices y ara\u00f1as vasculares.","og_url":"https:\/\/dermovein.cl\/index.php\/producto\/tratamiento-ecografia-doppler\/","og_site_name":"Cl\u00ednica especializada en eliminaci\u00f3n de varices","article_publisher":"https:\/\/www.facebook.com\/dermovein\/","article_modified_time":"2024-06-12T13:58:16+00:00","og_image":[{"width":500,"height":334,"url":"https:\/\/dermovein.cl\/wp-content\/uploads\/2023\/10\/doppler.jpg","type":"image\/jpeg"}],"twitter_card":"summary_large_image","twitter_misc":{"Tiempo de lectura":"1 minuto"},"schema":{"@context":"https:\/\/schema.org","@graph":[{"@type":"WebPage","@id":"https:\/\/dermovein.cl\/index.php\/producto\/tratamiento-ecografia-doppler\/","url":"https:\/\/dermovein.cl\/index.php\/producto\/tratamiento-ecografia-doppler\/","name":"Tratamiento ecograf\u00eda doppler - Cl\u00ednica especializada en eliminaci\u00f3n de varices","isPartOf":{"@id":"https:\/\/dermovein.cl\/#website"},"primaryImageOfPage":{"@id":"https:\/\/dermovein.cl\/index.php\/producto\/tratamiento-ecografia-doppler\/#primaryimage"},"image":{"@id":"https:\/\/dermovein.cl\/index.php\/producto\/tratamiento-ecografia-doppler\/#primaryimage"},"thumbnailUrl":"https:\/\/dermovein.cl\/wp-content\/uploads\/2023\/10\/doppler.jpg","datePublished":"2023-10-06T19:47:15+00:00","dateModified":"2024-06-12T13:58:16+00:00","description":"El procedimiento de la ecograf\u00eda Doppler es indoloro y no invasivo, lo que significa que no se requiere cirug\u00eda ni punci\u00f3n de la piel para la eliminaci\u00f3n de las varices y ara\u00f1as vasculares.","breadcrumb":{"@id":"https:\/\/dermovein.cl\/index.php\/producto\/tratamiento-ecografia-doppler\/#breadcrumb"},"inLanguage":"es","potentialAction":[{"@type":"ReadAction","target":["https:\/\/dermovein.cl\/index.php\/producto\/tratamiento-ecografia-doppler\/"]}]},{"@type":"ImageObject","inLanguage":"es","@id":"https:\/\/dermovein.cl\/index.php\/producto\/tratamiento-ecografia-doppler\/#primaryimage","url":"https:\/\/dermovein.cl\/wp-content\/uploads\/2023\/10\/doppler.jpg","contentUrl":"https:\/\/dermovein.cl\/wp-content\/uploads\/2023\/10\/doppler.jpg","width":500,"height":334},{"@type":"BreadcrumbList","@id":"https:\/\/dermovein.cl\/index.php\/producto\/tratamiento-ecografia-doppler\/#breadcrumb","itemListElement":[{"@type":"ListItem","position":1,"name":"Portada","item":"https:\/\/dermovein.cl\/"},{"@type":"ListItem","position":2,"name":"Tienda","item":"https:\/\/dermovein.cl\/index.php\/tienda\/"},{"@type":"ListItem","position":3,"name":"Tratamiento ecograf\u00eda doppler"}]},{"@type":"WebSite","@id":"https:\/\/dermovein.cl\/#website","url":"https:\/\/dermovein.cl\/","name":"Dermovein","description":"Elimina las varices y ara\u00f1as vasculares con nuestros tratamientos especializados en Dermovein. Resultados efectivos y seguros para unas piernas saludables y hermosas.","publisher":{"@id":"https:\/\/dermovein.cl\/#organization"},"potentialAction":[{"@type":"SearchAction","target":{"@type":"EntryPoint","urlTemplate":"https:\/\/dermovein.cl\/?s={search_term_string}"},"query-input":{"@type":"PropertyValueSpecification","valueRequired":true,"valueName":"search_term_string"}}],"inLanguage":"es"},{"@type":"Organization","@id":"https:\/\/dermovein.cl\/#organization","name":"Dermovein","url":"https:\/\/dermovein.cl\/","logo":{"@type":"ImageObject","inLanguage":"es","@id":"https:\/\/dermovein.cl\/#\/schema\/logo\/image\/","url":"https:\/\/dermovein.cl\/wp-content\/uploads\/2017\/07\/Logo-Dermovein.png","contentUrl":"https:\/\/dermovein.cl\/wp-content\/uploads\/2017\/07\/Logo-Dermovein.png","width":526,"height":338,"caption":"Dermovein"},"image":{"@id":"https:\/\/dermovein.cl\/#\/schema\/logo\/image\/"},"sameAs":["https:\/\/www.facebook.com\/dermovein\/","https:\/\/www.instagram.com\/clinica.dermovein\/?hl=es-la"]}]}},"_links":{"self":[{"href":"https:\/\/dermovein.cl\/index.php\/wp-json\/wp\/v2\/product\/19350","targetHints":{"allow":["GET"]}}],"collection":[{"href":"https:\/\/dermovein.cl\/index.php\/wp-json\/wp\/v2\/product"}],"about":[{"href":"https:\/\/dermovein.cl\/index.php\/wp-json\/wp\/v2\/types\/product"}],"wp:featuredmedia":[{"embeddable":true,"href":"https:\/\/dermovein.cl\/index.php\/wp-json\/wp\/v2\/media\/19351"}],"wp:attachment":[{"href":"https:\/\/dermovein.cl\/index.php\/wp-json\/wp\/v2\/media?parent=19350"}],"wp:term":[{"taxonomy":"product_brand","embeddable":true,"href":"https:\/\/dermovein.cl\/index.php\/wp-json\/wp\/v2\/product_brand?post=19350"},{"taxonomy":"product_cat","embeddable":true,"href":"https:\/\/dermovein.cl\/index.php\/wp-json\/wp\/v2\/product_cat?post=19350"},{"taxonomy":"product_tag","embeddable":true,"href":"https:\/\/dermovein.cl\/index.php\/wp-json\/wp\/v2\/product_tag?post=19350"}],"curies":[{"name":"wp","href":"https:\/\/api.w.org\/{rel}","templated":true}]}}